{"id":144,"date":"2023-10-17T15:53:19","date_gmt":"2023-10-17T13:53:19","guid":{"rendered":"https:\/\/moka.earth\/?page_id=144"},"modified":"2025-10-16T16:14:05","modified_gmt":"2025-10-16T14:14:05","slug":"qui-suis-je","status":"publish","type":"page","link":"https:\/\/moka.earth\/index.php\/qui-suis-je\/","title":{"rendered":"Qui suis-je ?"},"content":{"rendered":"\n<div class=\"wp-block-media-text is-stacked-on-mobile is-vertically-aligned-top\" style=\"grid-template-columns:37% auto\"><figure class=\"wp-block-media-text__media\"><img loading=\"lazy\" decoding=\"async\" width=\"456\" height=\"579\" src=\"https:\/\/moka.earth\/wp-content\/uploads\/2023\/10\/benoit-1.jpg\" alt=\"Beno\u00eet Verzat\" class=\"wp-image-146 size-full\" srcset=\"https:\/\/moka.earth\/wp-content\/uploads\/2023\/10\/benoit-1.jpg 456w, https:\/\/moka.earth\/wp-content\/uploads\/2023\/10\/benoit-1-236x300.jpg 236w\" sizes=\"auto, (max-width: 456px) 100vw, 456px\" \/><\/figure><div class=\"wp-block-media-text__content\">\n<p class=\"has-text-align-left\">Mon parcours professionnel m&#8217;a amen\u00e9 \u00e0 travaill\u00e9 avec des entreprises, des collectivit\u00e9s et des associations pour les accompagner dans une transformation profonde o\u00f9 les activit\u00e9s humaines s&#8217;int\u00e8grent dans les limites plan\u00e9taires.<\/p>\n\n\n\n<p class=\"has-text-align-left\"> <img loading=\"lazy\" decoding=\"async\" width=\"600\" height=\"526\" class=\"wp-image-186\" style=\"width: 600px;\" src=\"https:\/\/moka.earth\/wp-content\/uploads\/2024\/02\/Capture-decran-2024-02-24-a-20.21.21.png\" alt=\"\" srcset=\"https:\/\/moka.earth\/wp-content\/uploads\/2024\/02\/Capture-decran-2024-02-24-a-20.21.21.png 605w, https:\/\/moka.earth\/wp-content\/uploads\/2024\/02\/Capture-decran-2024-02-24-a-20.21.21-300x263.png 300w\" sizes=\"auto, (max-width: 600px) 100vw, 600px\" \/><\/p>\n<\/div><\/div>\n\n\n\n<h2 class=\"wp-block-heading\">Beno\u00eet Verzat<\/h2>\n\n\n\n<p>Au sein de <a href=\"http:\/\/www.quantis.com\">Quantis<\/a>, en tant qu\u2019expert de la quantification environnementale, j\u2019ai accompagn\u00e9 des entreprises de tous secteurs en menant des \u00e9tudes sur des produits vari\u00e9s (des panneaux solaires, aux rev\u00eatements routiers, en passant par des fromages, ou des shampoings) pour quantifier les impacts environnementaux (\u00e9missions de GES, consommation de ressources, impacts sur les \u00e9cosyst\u00e8mes, etc.) sur l\u2019ensemble de leur cycle de vie (de l\u2019extraction des mati\u00e8re premi\u00e8re \u00e0 la mise au rebut), permettant de comprendre \u00e0 quelle \u00e9tape se trouve l\u2019essentiel des impacts et de comparer diff\u00e9rentes options. J\u2019ai par exemple pilot\u00e9 l\u2019\u00e9laboration du r\u00e9f\u00e9rentiel m\u00e9thodologique fran\u00e7ais pour l\u2019\u00e9valuation des produits laitiers de celui du caf\u00e9, ou compar\u00e9 pour le compte de l\u2019<a href=\"http:\/\/www.ademe.fr\">ADEME<\/a> diff\u00e9rentes options pour la mobilit\u00e9 hydrog\u00e8ne.<\/p>\n\n\n\n<p>J\u2019ai rejoint l\u2019\u00e9quipe de l\u2019<a href=\"http:\/\/www.institut-negawatt.com\">Institut n\u00e9gaWatt<\/a> pour accompagner les organismes s\u2019engageant dans une d\u00e9marche ambitieuse de transition \u00e9nerg\u00e9tique en s\u2019appuyant sur la vision prospective syst\u00e9mique du sc\u00e9nario n\u00e9gaWatt. J\u2019ai coordonn\u00e9 des expertises vari\u00e9es (\u00e9nerg\u00e9tique du b\u00e2timent, transport, production d\u2019ENR, etc.) pour accompagner plus d\u2019une douzaine de collectivit\u00e9s dans l\u2019\u00e9laboration de leur Plan Climat Air Energie Territorial (PCAET). J\u2019ai contribu\u00e9 \u00e0 la conception de Destination TEPos un outil didactique d\u2019appropriation et de d\u00e9finition strat\u00e9gique des enjeux \u00e9nerg\u00e9tiques territoriaux. J\u2019ai form\u00e9 pr\u00e9s d\u2019une centaine de consultants et agents territoriaux \u00e0 l\u2019utilisation de cet outil. J\u2019ai pris en charge la coordination strat\u00e9gique de l\u2019Institut n\u00e9gaWatt rassemblant 12 salari\u00e9s pour une activit\u00e9 de plus d\u20191,8 Millions d\u2019euros tout en pilotant des projets op\u00e9rationnels.<\/p>\n\n\n\n<p>Fort de mes exp\u00e9riences de terrain dans l\u2019\u00e9laboration des PCAET, je constate que notre d\u00e9mocratie malade ne nous permet pas de faire face aux formidables d\u00e9fis de notre \u00e9poque. J\u2019ai donc d\u00e9cid\u00e9 de cr\u00e9er MOKA pour continuer \u00e0 accompagner les acteurs tout en renforcer la d\u00e9mocratie dans les processus de gouvernance territoriaux et faire face \u00e0 l\u2019urgence \u00e9cologique et sociale.<\/p>\n\n\n\n<p>Pour d\u00e9velopper mon activit\u00e9 j&#8217;ai choisi une structure coh\u00e9rente avec mes valeurs : la coop\u00e9rative d&#8217;activit\u00e9 <a href=\"https:\/\/solstice.coop\/\">Solstice<\/a><\/p>\n\n\n\n<figure class=\"wp-block-image size-full\"><a href=\"https:\/\/solstice.coop\/\"><img loading=\"lazy\" decoding=\"async\" width=\"643\" height=\"245\" src=\"https:\/\/moka.earth\/wp-content\/uploads\/2024\/02\/logo_SOLSTICE-3478502401.jpg\" alt=\"\" class=\"wp-image-184\" srcset=\"https:\/\/moka.earth\/wp-content\/uploads\/2024\/02\/logo_SOLSTICE-3478502401.jpg 643w, https:\/\/moka.earth\/wp-content\/uploads\/2024\/02\/logo_SOLSTICE-3478502401-300x114.jpg 300w\" sizes=\"auto, (max-width: 643px) 100vw, 643px\" \/><\/a><\/figure>\n","protected":false},"excerpt":{"rendered":"<p>Mon parcours professionnel m&#8217;a amen\u00e9 \u00e0 travaill\u00e9 avec des entreprises, des collectivit\u00e9s et des associations pour les accompagner dans une transformation profonde o\u00f9 les activit\u00e9s humaines s&#8217;int\u00e8grent dans les limites plan\u00e9taires. Beno\u00eet Verzat Au sein de Quantis, en tant qu\u2019expert de la quantification environnementale, j\u2019ai accompagn\u00e9 des entreprises de tous [&hellip;]<\/p>\n","protected":false},"author":1,"featured_media":0,"parent":0,"menu_order":0,"comment_status":"closed","ping_status":"closed","template":"","meta":{"_themeisle_gutenberg_block_has_review":false,"footnotes":""},"class_list":["post-144","page","type-page","status-publish","hentry"],"_links":{"self":[{"href":"https:\/\/moka.earth\/index.php\/wp-json\/wp\/v2\/pages\/144","targetHints":{"allow":["GET"]}}],"collection":[{"href":"https:\/\/moka.earth\/index.php\/wp-json\/wp\/v2\/pages"}],"about":[{"href":"https:\/\/moka.earth\/index.php\/wp-json\/wp\/v2\/types\/page"}],"author":[{"embeddable":true,"href":"https:\/\/moka.earth\/index.php\/wp-json\/wp\/v2\/users\/1"}],"replies":[{"embeddable":true,"href":"https:\/\/moka.earth\/index.php\/wp-json\/wp\/v2\/comments?post=144"}],"version-history":[{"count":6,"href":"https:\/\/moka.earth\/index.php\/wp-json\/wp\/v2\/pages\/144\/revisions"}],"predecessor-version":[{"id":252,"href":"https:\/\/moka.earth\/index.php\/wp-json\/wp\/v2\/pages\/144\/revisions\/252"}],"wp:attachment":[{"href":"https:\/\/moka.earth\/index.php\/wp-json\/wp\/v2\/media?parent=144"}],"curies":[{"name":"wp","href":"https:\/\/api.w.org\/{rel}","templated":true}]}}